{"id":2373,"date":"2018-01-24T12:04:29","date_gmt":"2018-01-24T12:04:29","guid":{"rendered":"http:\/\/www.sopio.pt\/?page_id=2373"},"modified":"2021-03-08T17:50:26","modified_gmt":"2021-03-08T17:50:26","slug":"ii-meeting-sopio","status":"publish","type":"page","link":"http:\/\/www.sopio.pt\/en\/ii-meeting-sopio\/","title":{"rendered":"(Portugu\u00eas) Home"},"content":{"rendered":"<div id=\"pl-2373\"  class=\"panel-layout\" ><div id=\"pg-2373-0\"  class=\"panel-grid panel-no-style\" ><div id=\"pgc-2373-0-0\"  class=\"panel-grid-cell\" ><div id=\"panel-2373-0-0-0\" class=\"so-panel widget widget_sow-image panel-first-child panel-last-child\" data-index=\"0\" ><div\n\t\t\t\n\t\t\tclass=\"so-widget-sow-image so-widget-sow-image-default-dbf295114b96-2373\"\n\t\t\t\n\t\t>\n\n<div class=\"sow-image-container\">\n\t\t<img loading=\"lazy\" decoding=\"async\" src=\"http:\/\/www.sopio.pt\/wp-content\/uploads\/2018\/01\/II_MEETING_SOPIO_FINAIS_Banner-1.jpg\" width=\"4048\" height=\"881\" srcset=\"http:\/\/www.sopio.pt\/wp-content\/uploads\/2018\/01\/II_MEETING_SOPIO_FINAIS_Banner-1.jpg 4048w, http:\/\/www.sopio.pt\/wp-content\/uploads\/2018\/01\/II_MEETING_SOPIO_FINAIS_Banner-1-450x98.jpg 450w, http:\/\/www.sopio.pt\/wp-content\/uploads\/2018\/01\/II_MEETING_SOPIO_FINAIS_Banner-1-1024x223.jpg 1024w, http:\/\/www.sopio.pt\/wp-content\/uploads\/2018\/01\/II_MEETING_SOPIO_FINAIS_Banner-1-624x136.jpg 624w, http:\/\/www.sopio.pt\/wp-content\/uploads\/2018\/01\/II_MEETING_SOPIO_FINAIS_Banner-1-750x163.jpg 750w, http:\/\/www.sopio.pt\/wp-content\/uploads\/2018\/01\/II_MEETING_SOPIO_FINAIS_Banner-1-2048x446.jpg 2048w\" sizes=\"auto, (max-width: 4048px) 100vw, 4048px\" title=\"II_MEETING_SOPIO_FINAIS_Banner\" alt=\"\" \t\tclass=\"so-widget-image\"\/>\n\t<\/div>\n\n<\/div><\/div><\/div><\/div><div id=\"pg-2373-1\"  class=\"panel-grid panel-no-style\" ><div id=\"pgc-2373-1-0\"  class=\"panel-grid-cell\" ><div id=\"panel-2373-1-0-0\" class=\"so-panel widget widget_sow-image panel-first-child panel-last-child\" data-index=\"1\" ><div\n\t\t\t\n\t\t\tclass=\"so-widget-sow-image so-widget-sow-image-default-dbf295114b96-2373\"\n\t\t\t\n\t\t>\n\n<div class=\"sow-image-container\">\n\t\t<img loading=\"lazy\" decoding=\"async\" src=\"http:\/\/www.sopio.pt\/wp-content\/uploads\/2018\/02\/Foto-Jorge_new.png\" width=\"1000\" height=\"1000\" srcset=\"http:\/\/www.sopio.pt\/wp-content\/uploads\/2018\/02\/Foto-Jorge_new.png 1000w, http:\/\/www.sopio.pt\/wp-content\/uploads\/2018\/02\/Foto-Jorge_new-250x250.png 250w, http:\/\/www.sopio.pt\/wp-content\/uploads\/2018\/02\/Foto-Jorge_new-450x450.png 450w, http:\/\/www.sopio.pt\/wp-content\/uploads\/2018\/02\/Foto-Jorge_new-200x200.png 200w, http:\/\/www.sopio.pt\/wp-content\/uploads\/2018\/02\/Foto-Jorge_new-180x180.png 180w, http:\/\/www.sopio.pt\/wp-content\/uploads\/2018\/02\/Foto-Jorge_new-300x300.png 300w, http:\/\/www.sopio.pt\/wp-content\/uploads\/2018\/02\/Foto-Jorge_new-600x600.png 600w, http:\/\/www.sopio.pt\/wp-content\/uploads\/2018\/02\/Foto-Jorge_new-624x624.png 624w, http:\/\/www.sopio.pt\/wp-content\/uploads\/2018\/02\/Foto-Jorge_new-150x150.png 150w, http:\/\/www.sopio.pt\/wp-content\/uploads\/2018\/02\/Foto-Jorge_new-750x750.png 750w\" sizes=\"auto, (max-width: 1000px) 100vw, 1000px\" alt=\"\" \t\tclass=\"so-widget-image\"\/>\n\t<\/div>\n\n<\/div><\/div><\/div><div id=\"pgc-2373-1-1\"  class=\"panel-grid-cell\" ><div id=\"panel-2373-1-1-0\" class=\"so-panel widget widget_sow-editor panel-first-child panel-last-child\" data-index=\"2\" ><div\n\t\t\t\n\t\t\tclass=\"so-widget-sow-editor so-widget-sow-editor-base\"\n\t\t\t\n\t\t>\n<div class=\"siteorigin-widget-tinymce textwidget\">\n\t<p>Estimados Colegas,<\/p>\n<p>A Sociedade Portuguesa de Implantologia e Osteointegra\u00e7\u00e3o (SOPIO) realiza no dia 26 de maio o II Meeting no Centro de Congressos da Alf\u00e2ndega do Porto.<\/p>\n<p>Motivados pelo excelente acolhimento do I Meeting SOPIO realizado na cidade de Coimbra, elevamos a nossa ambi\u00e7\u00e3o e tentamos construir um programa cient\u00edfico aliciante que v\u00e1 de encontro \u00e0s espectativas e necessidades formativas daqueles que partilham o interesse pela Implantologia e pela Osteointegra\u00e7\u00e3o.<\/p>\n<p>Neste sentido, teremos todo o gosto em receber aqueles que se deixarem contagiar pelo conjunto dos temas e conferencistas de excel\u00eancia internacional que, seguramente,\u00a0 nos ir\u00e3o enriquecer cient\u00edfica e clinicamente com a partilha dos seus conhecimentos.<\/p>\n<p>Em nome da Comiss\u00e3o Organizadora agrade\u00e7o desde j\u00e1 a honra da vossa presen\u00e7a nesta reuni\u00e3o.<\/p>\n<p>O presidente da Comiss\u00e3o Organizadora<br \/>Jorge Pereira<\/p>\n<\/div>\n<\/div><\/div><\/div><\/div><div id=\"pg-2373-2\"  class=\"panel-grid panel-no-style\" ><div id=\"pgc-2373-2-0\"  class=\"panel-grid-cell\" ><div id=\"panel-2373-2-0-0\" class=\"so-panel widget widget_sow-image panel-first-child panel-last-child\" data-index=\"3\" ><div\n\t\t\t\n\t\t\tclass=\"so-widget-sow-image so-widget-sow-image-default-dbf295114b96-2373\"\n\t\t\t\n\t\t>\n\n<div class=\"sow-image-container\">\n\t\t<img loading=\"lazy\" decoding=\"async\" src=\"http:\/\/www.sopio.pt\/wp-content\/uploads\/2018\/03\/programa_web_novo.jpg\" width=\"854\" height=\"1203\" srcset=\"http:\/\/www.sopio.pt\/wp-content\/uploads\/2018\/03\/programa_web_novo.jpg 854w, http:\/\/www.sopio.pt\/wp-content\/uploads\/2018\/03\/programa_web_novo-319x450.jpg 319w, http:\/\/www.sopio.pt\/wp-content\/uploads\/2018\/03\/programa_web_novo-727x1024.jpg 727w, http:\/\/www.sopio.pt\/wp-content\/uploads\/2018\/03\/programa_web_novo-624x879.jpg 624w, http:\/\/www.sopio.pt\/wp-content\/uploads\/2018\/03\/programa_web_novo-750x1056.jpg 750w\" sizes=\"auto, (max-width: 854px) 100vw, 854px\" alt=\"\" \t\tclass=\"so-widget-image\"\/>\n\t<\/div>\n\n<\/div><\/div><\/div><\/div><div id=\"pg-2373-3\"  class=\"panel-grid panel-no-style\" ><div id=\"pgc-2373-3-0\"  class=\"panel-grid-cell\" ><div id=\"panel-2373-3-0-0\" class=\"so-panel widget widget_sow-image panel-first-child panel-last-child\" data-index=\"4\" ><div\n\t\t\t\n\t\t\tclass=\"so-widget-sow-image so-widget-sow-image-default-8b5b6f678277-2373\"\n\t\t\t\n\t\t>\n\n<div class=\"sow-image-container\">\n\t\t<img loading=\"lazy\" decoding=\"async\" src=\"http:\/\/www.sopio.pt\/wp-content\/uploads\/2018\/01\/II_MEETING_SOPIO_FINAIS_Banner_preco.jpg\" width=\"4048\" height=\"882\" srcset=\"http:\/\/www.sopio.pt\/wp-content\/uploads\/2018\/01\/II_MEETING_SOPIO_FINAIS_Banner_preco.jpg 4048w, http:\/\/www.sopio.pt\/wp-content\/uploads\/2018\/01\/II_MEETING_SOPIO_FINAIS_Banner_preco-450x98.jpg 450w, http:\/\/www.sopio.pt\/wp-content\/uploads\/2018\/01\/II_MEETING_SOPIO_FINAIS_Banner_preco-1024x223.jpg 1024w, http:\/\/www.sopio.pt\/wp-content\/uploads\/2018\/01\/II_MEETING_SOPIO_FINAIS_Banner_preco-624x136.jpg 624w, http:\/\/www.sopio.pt\/wp-content\/uploads\/2018\/01\/II_MEETING_SOPIO_FINAIS_Banner_preco-750x163.jpg 750w, http:\/\/www.sopio.pt\/wp-content\/uploads\/2018\/01\/II_MEETING_SOPIO_FINAIS_Banner_preco-2048x446.jpg 2048w\" sizes=\"auto, (max-width: 4048px) 100vw, 4048px\" alt=\"\" \t\tclass=\"so-widget-image\"\/>\n\t<\/div>\n\n<\/div><\/div><\/div><\/div><div id=\"pg-2373-4\"  class=\"panel-grid panel-no-style\" ><div id=\"pgc-2373-4-0\"  class=\"panel-grid-cell\" ><div id=\"panel-2373-4-0-0\" class=\"so-panel widget widget_sow-image panel-first-child panel-last-child\" data-index=\"5\" ><div\n\t\t\t\n\t\t\tclass=\"so-widget-sow-image so-widget-sow-image-default-8b5b6f678277-2373\"\n\t\t\t\n\t\t>\n\n<div class=\"sow-image-container\">\n\t\t\t<a href=\"https:\/\/www.mxconference.mxagency.pt\/\"\n\t\t\ttarget=\"_blank\" rel=\"noopener noreferrer\" \t\t>\n\t\t\t<img loading=\"lazy\" decoding=\"async\" src=\"http:\/\/www.sopio.pt\/wp-content\/uploads\/2018\/01\/II_MEETING_SOPIO_FINAIS_Banner_INSCRICAO.jpg\" width=\"4048\" height=\"881\" srcset=\"http:\/\/www.sopio.pt\/wp-content\/uploads\/2018\/01\/II_MEETING_SOPIO_FINAIS_Banner_INSCRICAO.jpg 4048w, http:\/\/www.sopio.pt\/wp-content\/uploads\/2018\/01\/II_MEETING_SOPIO_FINAIS_Banner_INSCRICAO-450x98.jpg 450w, http:\/\/www.sopio.pt\/wp-content\/uploads\/2018\/01\/II_MEETING_SOPIO_FINAIS_Banner_INSCRICAO-1024x223.jpg 1024w, http:\/\/www.sopio.pt\/wp-content\/uploads\/2018\/01\/II_MEETING_SOPIO_FINAIS_Banner_INSCRICAO-624x136.jpg 624w, http:\/\/www.sopio.pt\/wp-content\/uploads\/2018\/01\/II_MEETING_SOPIO_FINAIS_Banner_INSCRICAO-750x163.jpg 750w, http:\/\/www.sopio.pt\/wp-content\/uploads\/2018\/01\/II_MEETING_SOPIO_FINAIS_Banner_INSCRICAO-2048x446.jpg 2048w\" sizes=\"auto, (max-width: 4048px) 100vw, 4048px\" alt=\"\" \t\tclass=\"so-widget-image\"\/>\n\t<\/a><\/div>\n\n<\/div><\/div><\/div><\/div><\/div>","protected":false},"excerpt":{"rendered":"<p>Estimados Colegas,A Sociedade Portuguesa de Implantologia e Osteointegra\u00e7\u00e3o (SOPIO) realiza no dia 26 de maio o II Meeting no Centro de Congressos da Alf\u00e2ndega do Porto.Motivados pelo excelente acolhimento do I Meeting SOPIO realizado na cidade de Coimbra, elevamos a nossa ambi\u00e7\u00e3o e tentamos construir um programa cient\u00edfico aliciante que v\u00e1 de encontro \u00e0s espectativas [&hellip;]<\/p>\n","protected":false},"author":3346,"featured_media":2376,"parent":0,"menu_order":0,"comment_status":"closed","ping_status":"closed","template":"page-fullwidth.php","meta":{"_bbp_topic_count":0,"_bbp_reply_count":0,"_bbp_total_topic_count":0,"_bbp_total_reply_count":0,"_bbp_voice_count":0,"_bbp_anonymous_reply_count":0,"_bbp_topic_count_hidden":0,"_bbp_reply_count_hidden":0,"_bbp_forum_subforum_count":0,"pmpro_default_level":"","footnotes":""},"class_list":["post-2373","page","type-page","status-publish","has-post-thumbnail","hentry","pmpro-has-access"],"_links":{"self":[{"href":"http:\/\/www.sopio.pt\/en\/wp-json\/wp\/v2\/pages\/2373","targetHints":{"allow":["GET"]}}],"collection":[{"href":"http:\/\/www.sopio.pt\/en\/wp-json\/wp\/v2\/pages"}],"about":[{"href":"http:\/\/www.sopio.pt\/en\/wp-json\/wp\/v2\/types\/page"}],"author":[{"embeddable":true,"href":"http:\/\/www.sopio.pt\/en\/wp-json\/wp\/v2\/users\/3346"}],"replies":[{"embeddable":true,"href":"http:\/\/www.sopio.pt\/en\/wp-json\/wp\/v2\/comments?post=2373"}],"version-history":[{"count":21,"href":"http:\/\/www.sopio.pt\/en\/wp-json\/wp\/v2\/pages\/2373\/revisions"}],"predecessor-version":[{"id":3774,"href":"http:\/\/www.sopio.pt\/en\/wp-json\/wp\/v2\/pages\/2373\/revisions\/3774"}],"wp:featuredmedia":[{"embeddable":true,"href":"http:\/\/www.sopio.pt\/en\/wp-json\/wp\/v2\/media\/2376"}],"wp:attachment":[{"href":"http:\/\/www.sopio.pt\/en\/wp-json\/wp\/v2\/media?parent=2373"}],"curies":[{"name":"wp","href":"https:\/\/api.w.org\/{rel}","templated":true}]}}